{"id":280,"date":"2023-10-04T23:15:34","date_gmt":"2023-10-04T23:15:34","guid":{"rendered":"https:\/\/guerrero.hazcontacto.com\/?page_id=280"},"modified":"2025-09-11T16:31:22","modified_gmt":"2025-09-11T21:31:22","slug":"nuestra-red-internacional","status":"publish","type":"page","link":"https:\/\/guerrerosantana.com.mx\/es\/nosotros\/nuestra-red-internacional\/","title":{"rendered":"Nuestra red internacional"},"content":{"rendered":"\t\t<div data-elementor-type=\"wp-page\" data-elementor-id=\"280\" class=\"elementor elementor-280\" data-elementor-post-type=\"page\">\n\t\t\t\t<div class=\"elementor-element elementor-element-0c0a2ae e-con-full e-flex e-con e-parent\" data-id=\"0c0a2ae\" data-element_type=\"container\" data-settings=\"{&quot;content_width&quot;:&quot;full&quot;,&quot;background_background&quot;:&quot;classic&quot;,&quot;jet_parallax_layout_list&quot;:[]}\" data-core-v316-plus=\"true\">\n\t\t\t\t<div class=\"elementor-element elementor-element-fb22604 elementor-invisible elementor-widget elementor-widget-heading\" data-id=\"fb22604\" data-element_type=\"widget\" data-settings=\"{&quot;_animation&quot;:&quot;fadeInDown&quot;,&quot;_animation_delay&quot;:500}\" data-widget_type=\"heading.default\">\n\t\t\t\t<div class=\"elementor-widget-container\">\n\t\t\t<style>\/*! elementor - v3.19.0 - 05-02-2024 *\/\n.elementor-heading-title{padding:0;margin:0;line-height:1}.elementor-widget-heading .elementor-heading-title[class*=elementor-size-]>a{color:inherit;font-size:inherit;line-height:inherit}.elementor-widget-heading .elementor-heading-title.elementor-size-small{font-size:15px}.elementor-widget-heading .elementor-heading-title.elementor-size-medium{font-size:19px}.elementor-widget-heading .elementor-heading-title.elementor-size-large{font-size:29px}.elementor-widget-heading .elementor-heading-title.elementor-size-xl{font-size:39px}.elementor-widget-heading .elementor-heading-title.elementor-size-xxl{font-size:59px}<\/style><h2 class=\"elementor-heading-title elementor-size-default\">Nosotros<\/h2>\t\t<\/div>\n\t\t\t\t<\/div>\n\t\t\t\t<\/div>\n\t\t<div class=\"elementor-element elementor-element-a97bde8 e-flex e-con-boxed e-con e-parent\" data-id=\"a97bde8\" data-element_type=\"container\" data-settings=\"{&quot;jet_parallax_layout_list&quot;:[],&quot;content_width&quot;:&quot;boxed&quot;}\" data-core-v316-plus=\"true\">\n\t\t\t\t\t<div class=\"e-con-inner\">\n\t\t\t\t<div class=\"elementor-element elementor-element-1cf0a74 elementor-invisible elementor-widget elementor-widget-heading\" data-id=\"1cf0a74\" data-element_type=\"widget\" data-settings=\"{&quot;_animation&quot;:&quot;fadeInUp&quot;,&quot;_animation_delay&quot;:1500}\" data-widget_type=\"heading.default\">\n\t\t\t\t<div class=\"elementor-widget-container\">\n\t\t\t<h2 class=\"elementor-heading-title elementor-size-default\">Nuestra red internacional<\/h2>\t\t<\/div>\n\t\t\t\t<\/div>\n\t\t\t\t<div class=\"elementor-element elementor-element-e4d15aa elementor-widget-divider--view-line elementor-widget elementor-widget-divider\" data-id=\"e4d15aa\" data-element_type=\"widget\" data-widget_type=\"divider.default\">\n\t\t\t\t<div class=\"elementor-widget-container\">\n\t\t\t<style>\/*! elementor - v3.19.0 - 05-02-2024 *\/\n.elementor-widget-divider{--divider-border-style:none;--divider-border-width:1px;--divider-color:#0c0d0e;--divider-icon-size:20px;--divider-element-spacing:10px;--divider-pattern-height:24px;--divider-pattern-size:20px;--divider-pattern-url:none;--divider-pattern-repeat:repeat-x}.elementor-widget-divider .elementor-divider{display:flex}.elementor-widget-divider .elementor-divider__text{font-size:15px;line-height:1;max-width:95%}.elementor-widget-divider .elementor-divider__element{margin:0 var(--divider-element-spacing);flex-shrink:0}.elementor-widget-divider .elementor-icon{font-size:var(--divider-icon-size)}.elementor-widget-divider .elementor-divider-separator{display:flex;margin:0;direction:ltr}.elementor-widget-divider--view-line_icon .elementor-divider-separator,.elementor-widget-divider--view-line_text .elementor-divider-separator{align-items:center}.elementor-widget-divider--view-line_icon .elementor-divider-separator:after,.elementor-widget-divider--view-line_icon .elementor-divider-separator:before,.elementor-widget-divider--view-line_text .elementor-divider-separator:after,.elementor-widget-divider--view-line_text .elementor-divider-separator:before{display:block;content:\"\";border-block-end:0;flex-grow:1;border-block-start:var(--divider-border-width) var(--divider-border-style) var(--divider-color)}.elementor-widget-divider--element-align-left .elementor-divider .elementor-divider-separator>.elementor-divider__svg:first-of-type{flex-grow:0;flex-shrink:100}.elementor-widget-divider--element-align-left .elementor-divider-separator:before{content:none}.elementor-widget-divider--element-align-left .elementor-divider__element{margin-left:0}.elementor-widget-divider--element-align-right .elementor-divider .elementor-divider-separator>.elementor-divider__svg:last-of-type{flex-grow:0;flex-shrink:100}.elementor-widget-divider--element-align-right .elementor-divider-separator:after{content:none}.elementor-widget-divider--element-align-right .elementor-divider__element{margin-right:0}.elementor-widget-divider--element-align-start .elementor-divider .elementor-divider-separator>.elementor-divider__svg:first-of-type{flex-grow:0;flex-shrink:100}.elementor-widget-divider--element-align-start .elementor-divider-separator:before{content:none}.elementor-widget-divider--element-align-start .elementor-divider__element{margin-inline-start:0}.elementor-widget-divider--element-align-end .elementor-divider .elementor-divider-separator>.elementor-divider__svg:last-of-type{flex-grow:0;flex-shrink:100}.elementor-widget-divider--element-align-end .elementor-divider-separator:after{content:none}.elementor-widget-divider--element-align-end .elementor-divider__element{margin-inline-end:0}.elementor-widget-divider:not(.elementor-widget-divider--view-line_text):not(.elementor-widget-divider--view-line_icon) .elementor-divider-separator{border-block-start:var(--divider-border-width) var(--divider-border-style) var(--divider-color)}.elementor-widget-divider--separator-type-pattern{--divider-border-style:none}.elementor-widget-divider--separator-type-pattern.elementor-widget-divider--view-line .elementor-divider-separator,.elementor-widget-divider--separator-type-pattern:not(.elementor-widget-divider--view-line) .elementor-divider-separator:after,.elementor-widget-divider--separator-type-pattern:not(.elementor-widget-divider--view-line) .elementor-divider-separator:before,.elementor-widget-divider--separator-type-pattern:not([class*=elementor-widget-divider--view]) .elementor-divider-separator{width:100%;min-height:var(--divider-pattern-height);-webkit-mask-size:var(--divider-pattern-size) 100%;mask-size:var(--divider-pattern-size) 100%;-webkit-mask-repeat:var(--divider-pattern-repeat);mask-repeat:var(--divider-pattern-repeat);background-color:var(--divider-color);-webkit-mask-image:var(--divider-pattern-url);mask-image:var(--divider-pattern-url)}.elementor-widget-divider--no-spacing{--divider-pattern-size:auto}.elementor-widget-divider--bg-round{--divider-pattern-repeat:round}.rtl .elementor-widget-divider .elementor-divider__text{direction:rtl}.e-con-inner>.elementor-widget-divider,.e-con>.elementor-widget-divider{width:var(--container-widget-width,100%);--flex-grow:var(--container-widget-flex-grow)}<\/style>\t\t<div class=\"elementor-divider\">\n\t\t\t<span class=\"elementor-divider-separator\">\n\t\t\t\t\t\t<\/span>\n\t\t<\/div>\n\t\t\t\t<\/div>\n\t\t\t\t<\/div>\n\t\t\t\t<div class=\"elementor-element elementor-element-240b71b elementor-invisible elementor-widget elementor-widget-text-editor\" data-id=\"240b71b\" data-element_type=\"widget\" data-settings=\"{&quot;_animation&quot;:&quot;fadeInUp&quot;}\" data-widget_type=\"text-editor.default\">\n\t\t\t\t<div class=\"elementor-widget-container\">\n\t\t\t<style>\/*! elementor - v3.19.0 - 05-02-2024 *\/\n.elementor-widget-text-editor.elementor-drop-cap-view-stacked .elementor-drop-cap{background-color:#69727d;color:#fff}.elementor-widget-text-editor.elementor-drop-cap-view-framed .elementor-drop-cap{color:#69727d;border:3px solid;background-color:transparent}.elementor-widget-text-editor:not(.elementor-drop-cap-view-default) .elementor-drop-cap{margin-top:8px}.elementor-widget-text-editor:not(.elementor-drop-cap-view-default) .elementor-drop-cap-letter{width:1em;height:1em}.elementor-widget-text-editor .elementor-drop-cap{float:left;text-align:center;line-height:1;font-size:50px}.elementor-widget-text-editor .elementor-drop-cap-letter{display:inline-block}<\/style>\t\t\t\t<p>Guerrero Santana, es miembro de Geneva Group International (GGI) una agrupaci\u00f3n de m\u00e1s de 650 firmas con 870 oficinas y m\u00e1s de 31,000 profesionales en todo el mundo, con sede en Suiza. En el \u00faltimo ranking de firmas de auditor\u00eda y consultor\u00eda, se coloc\u00f3 entre los 6 mejores del mundo, seg\u00fan el International Accounting Bulletin.<\/p>\t\t\t\t\t\t<\/div>\n\t\t\t\t<\/div>\n\t\t\t\t\t<\/div>\n\t\t\t\t<\/div>\n\t\t<div class=\"elementor-element elementor-element-db54401 e-flex e-con-boxed e-con e-parent\" data-id=\"db54401\" data-element_type=\"container\" data-settings=\"{&quot;jet_parallax_layout_list&quot;:[],&quot;content_width&quot;:&quot;boxed&quot;}\" data-core-v316-plus=\"true\">\n\t\t\t\t\t<div class=\"e-con-inner\">\n\t\t<div class=\"elementor-element elementor-element-3c246a5 e-con-full e-flex elementor-invisible e-con e-child\" data-id=\"3c246a5\" data-element_type=\"container\" data-settings=\"{&quot;content_width&quot;:&quot;full&quot;,&quot;background_background&quot;:&quot;classic&quot;,&quot;jet_parallax_layout_list&quot;:[],&quot;animation&quot;:&quot;fadeIn&quot;}\">\n\t\t<div class=\"elementor-element elementor-element-3084f1a e-con-full e-flex elementor-invisible e-con e-child\" data-id=\"3084f1a\" data-element_type=\"container\" data-settings=\"{&quot;content_width&quot;:&quot;full&quot;,&quot;jet_parallax_layout_list&quot;:[],&quot;animation&quot;:&quot;zoomIn&quot;,&quot;animation_delay&quot;:1200}\">\n\t\t\t\t<div class=\"elementor-element elementor-element-a814e34 elementor-invisible elementor-widget elementor-widget-text-editor\" data-id=\"a814e34\" data-element_type=\"widget\" data-settings=\"{&quot;_animation&quot;:&quot;fadeInDown&quot;}\" data-widget_type=\"text-editor.default\">\n\t\t\t\t<div class=\"elementor-widget-container\">\n\t\t\t\t\t\t\t<p>Al trabajar en colaboraci\u00f3n con los miembros de la red mundial de GGI, <span style=\"color: #a4895d;\">Guerrero Santana cuenta con la capacidad de intercambiar informaci\u00f3n actualizada de la normativa local, desarrollos y estrategias<\/span> con expertos y especialistas de casi cualquier parte del mundo.<\/p><p>El conocimiento y apoyo en dicha escala es indispensable en un mundo cada vez m\u00e1s globalizado, repleto de oportunidades empresariales. Esto ofrece a los clientes un servicio internacional y globalizado.<\/p>\t\t\t\t\t\t<\/div>\n\t\t\t\t<\/div>\n\t\t\t\t<div class=\"elementor-element elementor-element-3cdcd7d elementor-invisible elementor-widget elementor-widget-image\" data-id=\"3cdcd7d\" data-element_type=\"widget\" data-settings=\"{&quot;_animation&quot;:&quot;fadeInUp&quot;,&quot;_animation_delay&quot;:800}\" data-widget_type=\"image.default\">\n\t\t\t\t<div class=\"elementor-widget-container\">\n\t\t\t<style>\/*! elementor - v3.19.0 - 05-02-2024 *\/\n.elementor-widget-image{text-align:center}.elementor-widget-image a{display:inline-block}.elementor-widget-image a img[src$=\".svg\"]{width:48px}.elementor-widget-image img{vertical-align:middle;display:inline-block}<\/style>\t\t\t\t\t\t\t\t\t\t<img fetchpriority=\"high\" decoding=\"async\" width=\"768\" height=\"77\" src=\"https:\/\/ecjn54vsxmr.exactdn.com\/wp-content\/uploads\/2023\/10\/03-LOGO-GLOBAL-ALLIANCE-768x77.png?strip=all&lossy=1&ssl=1\" class=\"attachment-medium_large size-medium_large wp-image-405\" alt=\"\" srcset=\"https:\/\/ecjn54vsxmr.exactdn.com\/wp-content\/uploads\/2023\/10\/03-LOGO-GLOBAL-ALLIANCE-768x77.png?strip=all&amp;lossy=1&amp;ssl=1 768w, https:\/\/ecjn54vsxmr.exactdn.com\/wp-content\/uploads\/2023\/10\/03-LOGO-GLOBAL-ALLIANCE-300x30.png?strip=all&amp;lossy=1&amp;ssl=1 300w, https:\/\/ecjn54vsxmr.exactdn.com\/wp-content\/uploads\/2023\/10\/03-LOGO-GLOBAL-ALLIANCE.png?strip=all&amp;lossy=1&amp;ssl=1 1001w, https:\/\/ecjn54vsxmr.exactdn.com\/wp-content\/uploads\/2023\/10\/03-LOGO-GLOBAL-ALLIANCE.png?strip=all&amp;lossy=1&amp;w=160&amp;ssl=1 160w, https:\/\/ecjn54vsxmr.exactdn.com\/wp-content\/uploads\/2023\/10\/03-LOGO-GLOBAL-ALLIANCE.png?strip=all&amp;lossy=1&amp;w=480&amp;ssl=1 480w, https:\/\/ecjn54vsxmr.exactdn.com\/wp-content\/uploads\/2023\/10\/03-LOGO-GLOBAL-ALLIANCE.png?strip=all&amp;lossy=1&amp;w=640&amp;ssl=1 640w\" sizes=\"(max-width: 768px) 100vw, 768px\" \/>\t\t\t\t\t\t\t\t\t\t\t\t\t<\/div>\n\t\t\t\t<\/div>\n\t\t\t\t<\/div>\n\t\t<div class=\"elementor-element elementor-element-215b357 e-con-full elementor-hidden-mobile e-flex e-con e-child\" data-id=\"215b357\" data-element_type=\"container\" data-settings=\"{&quot;content_width&quot;:&quot;full&quot;,&quot;jet_parallax_layout_list&quot;:[]}\">\n\t\t\t\t<\/div>\n\t\t\t\t<\/div>\n\t\t\t\t<div class=\"elementor-element elementor-element-cc55123 elementor-widget-divider--view-line elementor-invisible elementor-widget elementor-widget-divider\" data-id=\"cc55123\" data-element_type=\"widget\" data-settings=\"{&quot;_animation&quot;:&quot;fadeIn&quot;}\" data-widget_type=\"divider.default\">\n\t\t\t\t<div class=\"elementor-widget-container\">\n\t\t\t\t\t<div class=\"elementor-divider\">\n\t\t\t<span class=\"elementor-divider-separator\">\n\t\t\t\t\t\t<\/span>\n\t\t<\/div>\n\t\t\t\t<\/div>\n\t\t\t\t<\/div>\n\t\t\t\t\t<\/div>\n\t\t\t\t<\/div>\n\t\t<div class=\"elementor-element elementor-element-dc9c966 e-flex e-con-boxed e-con e-parent\" data-id=\"dc9c966\" data-element_type=\"container\" data-settings=\"{&quot;jet_parallax_layout_list&quot;:[],&quot;content_width&quot;:&quot;boxed&quot;}\" data-core-v316-plus=\"true\">\n\t\t\t\t\t<div class=\"e-con-inner\">\n\t\t\t\t<div class=\"elementor-element elementor-element-3195d79 elementor-invisible elementor-widget elementor-widget-heading\" data-id=\"3195d79\" data-element_type=\"widget\" data-settings=\"{&quot;_animation&quot;:&quot;fadeInUp&quot;,&quot;_animation_delay&quot;:500}\" data-widget_type=\"heading.default\">\n\t\t\t\t<div class=\"elementor-widget-container\">\n\t\t\t<h2 class=\"elementor-heading-title elementor-size-default\">Geneva Group International<\/h2>\t\t<\/div>\n\t\t\t\t<\/div>\n\t\t\t\t<div class=\"elementor-element elementor-element-b0d94a7 elementor-invisible elementor-widget elementor-widget-text-editor\" data-id=\"b0d94a7\" data-element_type=\"widget\" data-settings=\"{&quot;_animation&quot;:&quot;fadeInUp&quot;,&quot;_animation_delay&quot;:800}\" data-widget_type=\"text-editor.default\">\n\t\t\t\t<div class=\"elementor-widget-container\">\n\t\t\t\t\t\t\t<p>GGI une a un grupo de firmas internacionales, independientes de auditor\u00eda, contabilidad, derecho y consultor\u00eda con el potencial conjunto para encontrar la soluci\u00f3n correcta para cualquier problema espec\u00edfico y as\u00ed resolver problemas financieros, legales y fiscales que puedan surgir. La amplia cobertura internacional de GGI brinda a los clientes acceso a empresas de alta calidad en muchos pa\u00edses del mundo.<\/p><p><br \/>La alianza GGI les da a los miembros y sus clientes acceso a las firmas miembro de GGI, que son reconocidas localmente como l\u00edderes en su campo particular.<\/p>\t\t\t\t\t\t<\/div>\n\t\t\t\t<\/div>\n\t\t\t\t<div class=\"elementor-element elementor-element-7f6a102 animated-slow elementor-invisible elementor-widget elementor-widget-image\" data-id=\"7f6a102\" data-element_type=\"widget\" data-settings=\"{&quot;_animation&quot;:&quot;zoomInDown&quot;}\" data-widget_type=\"image.default\">\n\t\t\t\t<div class=\"elementor-widget-container\">\n\t\t\t\t\t\t\t\t\t\t\t\t\t<img decoding=\"async\" width=\"800\" height=\"215\" src=\"https:\/\/ecjn54vsxmr.exactdn.com\/wp-content\/uploads\/2025\/09\/48.jpg?strip=all&amp;lossy=1&amp;fit=800%2C215&amp;ssl=1\" class=\"attachment-large size-large wp-image-5467\" alt=\"\" srcset=\"https:\/\/ecjn54vsxmr.exactdn.com\/wp-content\/uploads\/2025\/09\/48.jpg?strip=all&amp;lossy=1&amp;fit=800%2C215&amp;ssl=1 800w, https:\/\/ecjn54vsxmr.exactdn.com\/wp-content\/uploads\/2025\/09\/48.jpg?strip=all&amp;lossy=1&amp;ssl=1 1920w, https:\/\/ecjn54vsxmr.exactdn.com\/wp-content\/uploads\/2025\/09\/48-300x81.jpg?strip=all&amp;lossy=1&amp;ssl=1 300w, https:\/\/ecjn54vsxmr.exactdn.com\/wp-content\/uploads\/2025\/09\/48-1024x275.jpg?strip=all&amp;lossy=1&amp;ssl=1 1024w, https:\/\/ecjn54vsxmr.exactdn.com\/wp-content\/uploads\/2025\/09\/48-768x206.jpg?strip=all&amp;lossy=1&amp;ssl=1 768w, https:\/\/ecjn54vsxmr.exactdn.com\/wp-content\/uploads\/2025\/09\/48-1536x413.jpg?strip=all&amp;lossy=1&amp;ssl=1 1536w, https:\/\/ecjn54vsxmr.exactdn.com\/wp-content\/uploads\/2025\/09\/48.jpg?strip=all&amp;lossy=1&amp;w=160&amp;ssl=1 160w, https:\/\/ecjn54vsxmr.exactdn.com\/wp-content\/uploads\/2025\/09\/48.jpg?strip=all&amp;lossy=1&amp;w=480&amp;ssl=1 480w, https:\/\/ecjn54vsxmr.exactdn.com\/wp-content\/uploads\/2025\/09\/48.jpg?strip=all&amp;lossy=1&amp;w=640&amp;ssl=1 640w, https:\/\/ecjn54vsxmr.exactdn.com\/wp-content\/uploads\/2025\/09\/48.jpg?strip=all&amp;lossy=1&amp;w=1600&amp;ssl=1 1600w\" sizes=\"(max-width: 800px) 100vw, 800px\" \/>\t\t\t\t\t\t\t\t\t\t\t\t\t<\/div>\n\t\t\t\t<\/div>\n\t\t\t\t<div class=\"elementor-element elementor-element-40aa7cc elementor-widget-divider--view-line elementor-invisible elementor-widget elementor-widget-divider\" data-id=\"40aa7cc\" data-element_type=\"widget\" data-settings=\"{&quot;_animation&quot;:&quot;zoomInLeft&quot;}\" data-widget_type=\"divider.default\">\n\t\t\t\t<div class=\"elementor-widget-container\">\n\t\t\t\t\t<div class=\"elementor-divider\">\n\t\t\t<span class=\"elementor-divider-separator\">\n\t\t\t\t\t\t<\/span>\n\t\t<\/div>\n\t\t\t\t<\/div>\n\t\t\t\t<\/div>\n\t\t\t\t\t<\/div>\n\t\t\t\t<\/div>\n\t\t<div class=\"elementor-element elementor-element-e8ee2b6 e-flex e-con-boxed e-con e-parent\" data-id=\"e8ee2b6\" data-element_type=\"container\" data-settings=\"{&quot;jet_parallax_layout_list&quot;:[],&quot;content_width&quot;:&quot;boxed&quot;}\" data-core-v316-plus=\"true\">\n\t\t\t\t\t<div class=\"e-con-inner\">\n\t\t\t\t<div class=\"elementor-element elementor-element-d74a444 elementor-invisible elementor-widget elementor-widget-heading\" data-id=\"d74a444\" data-element_type=\"widget\" data-settings=\"{&quot;_animation&quot;:&quot;fadeInDown&quot;,&quot;_animation_delay&quot;:1500}\" data-widget_type=\"heading.default\">\n\t\t\t\t<div class=\"elementor-widget-container\">\n\t\t\t<h2 class=\"elementor-heading-title elementor-size-default\">Presencia internacional<\/h2>\t\t<\/div>\n\t\t\t\t<\/div>\n\t\t\t\t<div class=\"elementor-element elementor-element-54f6a6d elementor-invisible elementor-widget elementor-widget-text-editor\" data-id=\"54f6a6d\" data-element_type=\"widget\" data-settings=\"{&quot;_animation&quot;:&quot;fadeInUp&quot;}\" data-widget_type=\"text-editor.default\">\n\t\t\t\t<div class=\"elementor-widget-container\">\n\t\t\t\t\t\t\t<p>En los mercados internacionales actuales, tener una fuerte presencia es esencial para las grandes y peque\u00f1as empresas. Es por eso por lo que los contactos internacionales son tan importantes. Una comprensi\u00f3n profunda de las diferencias legales y fiscales locales es imprescindible para que las empresas tengan \u00e9xito en sus actividades transfronterizas.<\/p>\t\t\t\t\t\t<\/div>\n\t\t\t\t<\/div>\n\t\t<div class=\"elementor-element elementor-element-e79bd7c e-flex e-con-boxed e-con e-child\" data-id=\"e79bd7c\" data-element_type=\"container\" data-settings=\"{&quot;jet_parallax_layout_list&quot;:[],&quot;content_width&quot;:&quot;boxed&quot;}\">\n\t\t\t\t\t<div class=\"e-con-inner\">\n\t\t<div class=\"elementor-element elementor-element-6154297 e-con-full e-flex elementor-invisible e-con e-child\" data-id=\"6154297\" data-element_type=\"container\" data-settings=\"{&quot;content_width&quot;:&quot;full&quot;,&quot;background_background&quot;:&quot;classic&quot;,&quot;jet_parallax_layout_list&quot;:[],&quot;animation&quot;:&quot;fadeIn&quot;}\">\n\t\t\t\t<\/div>\n\t\t<div class=\"elementor-element elementor-element-8fa2741 e-con-full e-flex elementor-invisible e-con e-child\" data-id=\"8fa2741\" data-element_type=\"container\" data-settings=\"{&quot;content_width&quot;:&quot;full&quot;,&quot;background_background&quot;:&quot;classic&quot;,&quot;jet_parallax_layout_list&quot;:[],&quot;animation&quot;:&quot;fadeInRight&quot;}\">\n\t\t\t\t<div class=\"elementor-element elementor-element-33c2942 elementor-widget elementor-widget-heading\" data-id=\"33c2942\" data-element_type=\"widget\" data-widget_type=\"heading.default\">\n\t\t\t\t<div class=\"elementor-widget-container\">\n\t\t\t<div class=\"elementor-heading-title elementor-size-default\">Para lograr esto, las empresas necesitan acceso a profesionales accesibles en cada pa\u00eds. <\/div>\t\t<\/div>\n\t\t\t\t<\/div>\n\t\t\t\t<div class=\"elementor-element elementor-element-f667edc elementor-widget elementor-widget-text-editor\" data-id=\"f667edc\" data-element_type=\"widget\" data-widget_type=\"text-editor.default\">\n\t\t\t\t<div class=\"elementor-widget-container\">\n\t\t\t\t\t\t\t<p>GGI &#8211; Geneva Group International, es una alianza mundial de firmas de abogados, consultores y abogados bien establecidos y con experiencia que se comprometen a proporcionar a los clientes soluciones especializadas para sus requisitos comerciales internacionales.<\/p>\t\t\t\t\t\t<\/div>\n\t\t\t\t<\/div>\n\t\t\t\t<\/div>\n\t\t\t\t\t<\/div>\n\t\t\t\t<\/div>\n\t\t\t\t<div class=\"elementor-element elementor-element-9c99a6c elementor-widget-divider--view-line elementor-invisible elementor-widget elementor-widget-divider\" data-id=\"9c99a6c\" data-element_type=\"widget\" data-settings=\"{&quot;_animation&quot;:&quot;slideInUp&quot;}\" data-widget_type=\"divider.default\">\n\t\t\t\t<div class=\"elementor-widget-container\">\n\t\t\t\t\t<div class=\"elementor-divider\">\n\t\t\t<span class=\"elementor-divider-separator\">\n\t\t\t\t\t\t<\/span>\n\t\t<\/div>\n\t\t\t\t<\/div>\n\t\t\t\t<\/div>\n\t\t\t\t\t<\/div>\n\t\t\t\t<\/div>\n\t\t\t\t<\/div>\n\t\t","protected":false},"excerpt":{"rendered":"<p>Nosotros Nuestra red internacional Guerrero Santana, es miembro de Geneva Group International (GGI) una agrupaci\u00f3n de m\u00e1s de 650 firmas con 870 oficinas y m\u00e1s de 31,000 profesionales en todo el mundo, con sede en Suiza. En el \u00faltimo ranking de firmas de auditor\u00eda y consultor\u00eda, se coloc\u00f3 entre los 6 mejores del mundo, seg\u00fan [&hellip;]<\/p>\n","protected":false},"author":1,"featured_media":0,"parent":33,"menu_order":0,"comment_status":"closed","ping_status":"closed","template":"","meta":{"_seopress_robots_primary_cat":"","_seopress_titles_title":"","_seopress_titles_desc":"","_seopress_robots_index":"","footnotes":""},"class_list":["post-280","page","type-page","status-publish","hentry"],"_links":{"self":[{"href":"https:\/\/guerrerosantana.com.mx\/es\/wp-json\/wp\/v2\/pages\/280","targetHints":{"allow":["GET"]}}],"collection":[{"href":"https:\/\/guerrerosantana.com.mx\/es\/wp-json\/wp\/v2\/pages"}],"about":[{"href":"https:\/\/guerrerosantana.com.mx\/es\/wp-json\/wp\/v2\/types\/page"}],"author":[{"embeddable":true,"href":"https:\/\/guerrerosantana.com.mx\/es\/wp-json\/wp\/v2\/users\/1"}],"replies":[{"embeddable":true,"href":"https:\/\/guerrerosantana.com.mx\/es\/wp-json\/wp\/v2\/comments?post=280"}],"version-history":[{"count":37,"href":"https:\/\/guerrerosantana.com.mx\/es\/wp-json\/wp\/v2\/pages\/280\/revisions"}],"predecessor-version":[{"id":5473,"href":"https:\/\/guerrerosantana.com.mx\/es\/wp-json\/wp\/v2\/pages\/280\/revisions\/5473"}],"up":[{"embeddable":true,"href":"https:\/\/guerrerosantana.com.mx\/es\/wp-json\/wp\/v2\/pages\/33"}],"wp:attachment":[{"href":"https:\/\/guerrerosantana.com.mx\/es\/wp-json\/wp\/v2\/media?parent=280"}],"curies":[{"name":"wp","href":"https:\/\/api.w.org\/{rel}","templated":true}]}}