{"id":3138,"date":"2023-10-03T04:54:33","date_gmt":"2023-10-03T09:54:33","guid":{"rendered":"https:\/\/guerrerosantana.com.mx\/nous\/avis-de-confidentialite\/"},"modified":"2025-09-11T20:41:10","modified_gmt":"2025-09-12T01:41:10","slug":"avis-de-confidentialite","status":"publish","type":"page","link":"https:\/\/guerrerosantana.com.mx\/fr\/nous\/avis-de-confidentialite\/","title":{"rendered":"Avis de confidentialit\u00e9"},"content":{"rendered":"\t\t<div data-elementor-type=\"wp-page\" data-elementor-id=\"3138\" class=\"elementor elementor-3138 elementor-3\" data-elementor-post-type=\"page\">\n\t\t\t\t<div class=\"elementor-element elementor-element-fc882bf e-con-full e-flex e-con e-parent\" data-id=\"fc882bf\" data-element_type=\"container\" data-settings=\"{&quot;content_width&quot;:&quot;full&quot;,&quot;background_background&quot;:&quot;classic&quot;,&quot;jet_parallax_layout_list&quot;:[]}\" data-core-v316-plus=\"true\">\n\t\t\t\t<div class=\"elementor-element elementor-element-a6d4883 elementor-invisible elementor-widget elementor-widget-heading\" data-id=\"a6d4883\" data-element_type=\"widget\" data-settings=\"{&quot;_animation&quot;:&quot;fadeInDown&quot;,&quot;_animation_delay&quot;:500}\" data-widget_type=\"heading.default\">\n\t\t\t\t<div class=\"elementor-widget-container\">\n\t\t\t<style>\/*! elementor - v3.19.0 - 05-02-2024 *\/\n.elementor-heading-title{padding:0;margin:0;line-height:1}.elementor-widget-heading .elementor-heading-title[class*=elementor-size-]>a{color:inherit;font-size:inherit;line-height:inherit}.elementor-widget-heading .elementor-heading-title.elementor-size-small{font-size:15px}.elementor-widget-heading .elementor-heading-title.elementor-size-medium{font-size:19px}.elementor-widget-heading .elementor-heading-title.elementor-size-large{font-size:29px}.elementor-widget-heading .elementor-heading-title.elementor-size-xl{font-size:39px}.elementor-widget-heading .elementor-heading-title.elementor-size-xxl{font-size:59px}<\/style><h2 class=\"elementor-heading-title elementor-size-default\">Nous<\/h2>\t\t<\/div>\n\t\t\t\t<\/div>\n\t\t\t\t<\/div>\n\t\t<div class=\"elementor-element elementor-element-7e182fa e-flex e-con-boxed e-con e-parent\" data-id=\"7e182fa\" data-element_type=\"container\" data-settings=\"{&quot;jet_parallax_layout_list&quot;:[],&quot;content_width&quot;:&quot;boxed&quot;}\" data-core-v316-plus=\"true\">\n\t\t\t\t\t<div class=\"e-con-inner\">\n\t\t\t\t<div class=\"elementor-element elementor-element-3ab4200 elementor-invisible elementor-widget elementor-widget-heading\" data-id=\"3ab4200\" data-element_type=\"widget\" data-settings=\"{&quot;_animation&quot;:&quot;fadeInUp&quot;,&quot;_animation_delay&quot;:1500}\" data-widget_type=\"heading.default\">\n\t\t\t\t<div class=\"elementor-widget-container\">\n\t\t\t<h2 class=\"elementor-heading-title elementor-size-default\">Avis de confidentialit\u00e9<\/h2>\t\t<\/div>\n\t\t\t\t<\/div>\n\t\t\t\t<div class=\"elementor-element elementor-element-37f696e elementor-widget-divider--view-line elementor-widget elementor-widget-divider\" data-id=\"37f696e\" data-element_type=\"widget\" data-widget_type=\"divider.default\">\n\t\t\t\t<div class=\"elementor-widget-container\">\n\t\t\t<style>\/*! elementor - v3.19.0 - 05-02-2024 *\/\n.elementor-widget-divider{--divider-border-style:none;--divider-border-width:1px;--divider-color:#0c0d0e;--divider-icon-size:20px;--divider-element-spacing:10px;--divider-pattern-height:24px;--divider-pattern-size:20px;--divider-pattern-url:none;--divider-pattern-repeat:repeat-x}.elementor-widget-divider .elementor-divider{display:flex}.elementor-widget-divider .elementor-divider__text{font-size:15px;line-height:1;max-width:95%}.elementor-widget-divider .elementor-divider__element{margin:0 var(--divider-element-spacing);flex-shrink:0}.elementor-widget-divider .elementor-icon{font-size:var(--divider-icon-size)}.elementor-widget-divider .elementor-divider-separator{display:flex;margin:0;direction:ltr}.elementor-widget-divider--view-line_icon .elementor-divider-separator,.elementor-widget-divider--view-line_text .elementor-divider-separator{align-items:center}.elementor-widget-divider--view-line_icon .elementor-divider-separator:after,.elementor-widget-divider--view-line_icon .elementor-divider-separator:before,.elementor-widget-divider--view-line_text .elementor-divider-separator:after,.elementor-widget-divider--view-line_text .elementor-divider-separator:before{display:block;content:\"\";border-block-end:0;flex-grow:1;border-block-start:var(--divider-border-width) var(--divider-border-style) var(--divider-color)}.elementor-widget-divider--element-align-left .elementor-divider .elementor-divider-separator>.elementor-divider__svg:first-of-type{flex-grow:0;flex-shrink:100}.elementor-widget-divider--element-align-left .elementor-divider-separator:before{content:none}.elementor-widget-divider--element-align-left .elementor-divider__element{margin-left:0}.elementor-widget-divider--element-align-right .elementor-divider .elementor-divider-separator>.elementor-divider__svg:last-of-type{flex-grow:0;flex-shrink:100}.elementor-widget-divider--element-align-right .elementor-divider-separator:after{content:none}.elementor-widget-divider--element-align-right .elementor-divider__element{margin-right:0}.elementor-widget-divider--element-align-start .elementor-divider .elementor-divider-separator>.elementor-divider__svg:first-of-type{flex-grow:0;flex-shrink:100}.elementor-widget-divider--element-align-start .elementor-divider-separator:before{content:none}.elementor-widget-divider--element-align-start .elementor-divider__element{margin-inline-start:0}.elementor-widget-divider--element-align-end .elementor-divider .elementor-divider-separator>.elementor-divider__svg:last-of-type{flex-grow:0;flex-shrink:100}.elementor-widget-divider--element-align-end .elementor-divider-separator:after{content:none}.elementor-widget-divider--element-align-end .elementor-divider__element{margin-inline-end:0}.elementor-widget-divider:not(.elementor-widget-divider--view-line_text):not(.elementor-widget-divider--view-line_icon) .elementor-divider-separator{border-block-start:var(--divider-border-width) var(--divider-border-style) var(--divider-color)}.elementor-widget-divider--separator-type-pattern{--divider-border-style:none}.elementor-widget-divider--separator-type-pattern.elementor-widget-divider--view-line .elementor-divider-separator,.elementor-widget-divider--separator-type-pattern:not(.elementor-widget-divider--view-line) .elementor-divider-separator:after,.elementor-widget-divider--separator-type-pattern:not(.elementor-widget-divider--view-line) .elementor-divider-separator:before,.elementor-widget-divider--separator-type-pattern:not([class*=elementor-widget-divider--view]) .elementor-divider-separator{width:100%;min-height:var(--divider-pattern-height);-webkit-mask-size:var(--divider-pattern-size) 100%;mask-size:var(--divider-pattern-size) 100%;-webkit-mask-repeat:var(--divider-pattern-repeat);mask-repeat:var(--divider-pattern-repeat);background-color:var(--divider-color);-webkit-mask-image:var(--divider-pattern-url);mask-image:var(--divider-pattern-url)}.elementor-widget-divider--no-spacing{--divider-pattern-size:auto}.elementor-widget-divider--bg-round{--divider-pattern-repeat:round}.rtl .elementor-widget-divider .elementor-divider__text{direction:rtl}.e-con-inner>.elementor-widget-divider,.e-con>.elementor-widget-divider{width:var(--container-widget-width,100%);--flex-grow:var(--container-widget-flex-grow)}<\/style>\t\t<div class=\"elementor-divider\">\n\t\t\t<span class=\"elementor-divider-separator\">\n\t\t\t\t\t\t<\/span>\n\t\t<\/div>\n\t\t\t\t<\/div>\n\t\t\t\t<\/div>\n\t\t<div class=\"elementor-element elementor-element-2cb988d e-flex e-con-boxed e-con e-child\" data-id=\"2cb988d\" data-element_type=\"container\" data-settings=\"{&quot;background_background&quot;:&quot;classic&quot;,&quot;jet_parallax_layout_list&quot;:[],&quot;content_width&quot;:&quot;boxed&quot;}\">\n\t\t\t\t\t<div class=\"e-con-inner\">\n\t\t\t\t<div class=\"elementor-element elementor-element-f29ebdf elementor-invisible elementor-widget elementor-widget-text-editor\" data-id=\"f29ebdf\" data-element_type=\"widget\" data-settings=\"{&quot;_animation&quot;:&quot;fadeInUp&quot;}\" data-widget_type=\"text-editor.default\">\n\t\t\t\t<div class=\"elementor-widget-container\">\n\t\t\t<style>\/*! elementor - v3.19.0 - 05-02-2024 *\/\n.elementor-widget-text-editor.elementor-drop-cap-view-stacked .elementor-drop-cap{background-color:#69727d;color:#fff}.elementor-widget-text-editor.elementor-drop-cap-view-framed .elementor-drop-cap{color:#69727d;border:3px solid;background-color:transparent}.elementor-widget-text-editor:not(.elementor-drop-cap-view-default) .elementor-drop-cap{margin-top:8px}.elementor-widget-text-editor:not(.elementor-drop-cap-view-default) .elementor-drop-cap-letter{width:1em;height:1em}.elementor-widget-text-editor .elementor-drop-cap{float:left;text-align:center;line-height:1;font-size:50px}.elementor-widget-text-editor .elementor-drop-cap-letter{display:inline-block}<\/style>\t\t\t\t<p>Guerrero y santana, s.c. s&rsquo;engage \u00e0 prot\u00e9ger toutes vos donn\u00e9es et, \u00e0 ce titre, nous assumons l&rsquo;enti\u00e8re responsabilit\u00e9 de la protection des informations personnelles et professionnelles que le client partage avec nous.<\/p>\n<p>Conform\u00e9ment \u00e0 la loi mexicaine, aux normes internationales et aux politiques du cabinet, guerrero santana traitera les informations des clients de mani\u00e8re confidentielle et priv\u00e9e.<\/p>\n<p>Afin de fournir des services conformes aux normes exig\u00e9es par nos clients et par nous-m\u00eames, et conform\u00e9ment aux autorit\u00e9s mexicaines, guerrero santana peut \u00eatre amen\u00e9 \u00e0 divulguer officiellement des informations sur les clients dans les domaines suivants : personnel, financier, comptable, fiscal, administratif et juridique.<\/p>\n<p>Aucune donn\u00e9e ou information concernant les clients ne sera partag\u00e9e, \u00e9chang\u00e9e, vendue ou transf\u00e9r\u00e9e \u00e0 un tiers sans la confirmation \u00e9crite expresse du client.<\/p>\n<p>Pour toute question, pr\u00e9occupation ou commentaire concernant la question de la confidentialit\u00e9, veuillez contacter notre departament de protection de la vie priv\u00e9e et de la confidentialit\u00e9 \u00e0 guadalajara, jalisco, \u00e0 l&rsquo;adresse \u00e9lectronique suivante: <br><span style=\"color: #a4895d;\"><strong>info@guerrerosantana.com.mx<\/strong><\/span><\/p>\n<p>ou par courrier \u00e0 l&rsquo;adresse suivante:<br><span style=\"color: #a4895d;\"><strong>Paseo Royal Country, 4650, Piso 5; Puerta de Hierro; Zapopan; Jalisco, M\u00e9xico.<\/strong><\/span><\/p>\n<p>Si vous pensez que vos droits en mati\u00e8re de protection des donn\u00e9es ont \u00e9t\u00e9 viol\u00e9s de quelque mani\u00e8re que ce soit par guerrero santana en vertu de la loi f\u00e9d\u00e9rale mexicaine sur la protection des donn\u00e9es, vous pouvez faire part de vos pr\u00e9occupations \u00e0 l&rsquo;institut f\u00e9d\u00e9ral pour l&rsquo;acc\u00e8s \u00e0 l&rsquo;information et la protection des donn\u00e9es (instituto federal de acceso a la informaci\u00f3n y protecci\u00f3n de datos, ifai). Pour plus d&rsquo;informations, vous pouvez consulter le site web de l&rsquo;ifai \u00e0 l&rsquo;adresse suivante: <br><span style=\"color: #a4895d;\"><strong>www.ifai.org.mx<\/strong><\/span><\/p>\n<p>Guerrero santana peut modifier, amender ou mettre \u00e0 jour la pr\u00e9sente d\u00e9claration de confidentialit\u00e9 \u00e0 sa discr\u00e9tion et\/ou conform\u00e9ment \u00e0 de nouvelles exigences l\u00e9gales. C&rsquo;est pourquoi nous vous encourageons \u00e0 consulter r\u00e9guli\u00e8rement la pr\u00e9sente d\u00e9claration de confidentialit\u00e9 afin d&rsquo;\u00eatre pleinement inform\u00e9 de tout changement concernant la mani\u00e8re dont nous continuons \u00e0 prot\u00e9ger vos informations.<\/p>\t\t\t\t\t\t<\/div>\n\t\t\t\t<\/div>\n\t\t\t\t\t<\/div>\n\t\t\t\t<\/div>\n\t\t\t\t\t<\/div>\n\t\t\t\t<\/div>\n\t\t\t\t<\/div>\n\t\t","protected":false},"excerpt":{"rendered":"<p>Nous Avis de confidentialit\u00e9 Guerrero y santana, s.c. s&rsquo;engage \u00e0 prot\u00e9ger toutes vos donn\u00e9es et, \u00e0 ce titre, nous assumons l&rsquo;enti\u00e8re responsabilit\u00e9 de la protection des informations personnelles et professionnelles que le client partage avec nous. Conform\u00e9ment \u00e0 la loi mexicaine, aux normes internationales et aux politiques du cabinet, guerrero santana traitera les informations des [&hellip;]<\/p>\n","protected":false},"author":1,"featured_media":0,"parent":3102,"menu_order":0,"comment_status":"closed","ping_status":"closed","template":"","meta":{"_seopress_robots_primary_cat":"","_seopress_titles_title":"","_seopress_titles_desc":"","_seopress_robots_index":"","footnotes":""},"class_list":["post-3138","page","type-page","status-publish","hentry"],"_links":{"self":[{"href":"https:\/\/guerrerosantana.com.mx\/fr\/wp-json\/wp\/v2\/pages\/3138","targetHints":{"allow":["GET"]}}],"collection":[{"href":"https:\/\/guerrerosantana.com.mx\/fr\/wp-json\/wp\/v2\/pages"}],"about":[{"href":"https:\/\/guerrerosantana.com.mx\/fr\/wp-json\/wp\/v2\/types\/page"}],"author":[{"embeddable":true,"href":"https:\/\/guerrerosantana.com.mx\/fr\/wp-json\/wp\/v2\/users\/1"}],"replies":[{"embeddable":true,"href":"https:\/\/guerrerosantana.com.mx\/fr\/wp-json\/wp\/v2\/comments?post=3138"}],"version-history":[{"count":4,"href":"https:\/\/guerrerosantana.com.mx\/fr\/wp-json\/wp\/v2\/pages\/3138\/revisions"}],"predecessor-version":[{"id":5698,"href":"https:\/\/guerrerosantana.com.mx\/fr\/wp-json\/wp\/v2\/pages\/3138\/revisions\/5698"}],"up":[{"embeddable":true,"href":"https:\/\/guerrerosantana.com.mx\/fr\/wp-json\/wp\/v2\/pages\/3102"}],"wp:attachment":[{"href":"https:\/\/guerrerosantana.com.mx\/fr\/wp-json\/wp\/v2\/media?parent=3138"}],"curies":[{"name":"wp","href":"https:\/\/api.w.org\/{rel}","templated":true}]}}